{"id":26,"date":"2020-04-21T19:09:58","date_gmt":"2020-04-21T19:09:58","guid":{"rendered":"http:\/\/trauerreden-renatewrasse.de\/?page_id=26"},"modified":"2020-04-30T17:17:31","modified_gmt":"2020-04-30T16:17:31","slug":"kontakt","status":"publish","type":"page","link":"https:\/\/trauerreden-renatewrasse.de\/?page_id=26","title":{"rendered":"Kontakt"},"content":{"rendered":"\n<p><strong>Kontakt zu Trauerreden-RenateWrasse.de<\/strong><\/p>\n\n\n\n<p>Sie erreichen mich telefonisch unter <strong>05191-931501<\/strong><\/p>\n\n\n\n<p>oder \u00fcber dieses Kontaktformular.<\/p>\n\n\n\n<p>Ich freue mich \u00fcber Ihre Nachricht.<\/p>\n\n\n\n<p>(gem\u00e4\u00df DSGVO ist die mail-Adresse ein Pflichtfeld)<\/p>\n\n\n\n<div class=\"wpcf7 no-js\" id=\"wpcf7-f56-o1\" lang=\"de-DE\" dir=\"ltr\" data-wpcf7-id=\"56\">\n<div class=\"screen-reader-response\"><p role=\"status\" aria-live=\"polite\" aria-atomic=\"true\"><\/p> <ul><\/ul><\/div>\n<form action=\"\/index.php?rest_route=%2Fwp%2Fv2%2Fpages%2F26#wpcf7-f56-o1\" method=\"post\" class=\"wpcf7-form init\" aria-label=\"Kontaktformular\" novalidate=\"novalidate\" data-status=\"init\">\n<div style=\"display: none;\">\n<input type=\"hidden\" name=\"_wpcf7\" value=\"56\" \/>\n<input type=\"hidden\" name=\"_wpcf7_version\" value=\"6.0.6\" \/>\n<input type=\"hidden\" name=\"_wpcf7_locale\" value=\"de_DE\" \/>\n<input type=\"hidden\" name=\"_wpcf7_unit_tag\" value=\"wpcf7-f56-o1\" \/>\n<input type=\"hidden\" name=\"_wpcf7_container_post\" value=\"0\" \/>\n<input type=\"hidden\" name=\"_wpcf7_posted_data_hash\" value=\"\" \/>\n<\/div>\n<p><label> Ihr Name (Pflichtfeld)<br \/>\n<span class=\"wpcf7-form-control-wrap\" data-name=\"your-name\"><input size=\"40\" maxlength=\"400\" class=\"wpcf7-form-control wpcf7-text wpcf7-validates-as-required\" aria-required=\"true\" aria-invalid=\"false\" value=\"\" type=\"text\" name=\"your-name\" \/><\/span> <\/label>\n<\/p>\n<p><label> Ihre E-Mail-Adresse (Pflichtfeld)<br \/>\n<span class=\"wpcf7-form-control-wrap\" data-name=\"your-email\"><input size=\"40\" maxlength=\"400\" class=\"wpcf7-form-control wpcf7-email wpcf7-validates-as-required wpcf7-text wpcf7-validates-as-email\" aria-required=\"true\" aria-invalid=\"false\" value=\"\" type=\"email\" name=\"your-email\" \/><\/span> <\/label>\n<\/p>\n<p><label> Betreff<br \/>\n<span class=\"wpcf7-form-control-wrap\" data-name=\"your-subject\"><input size=\"40\" maxlength=\"400\" class=\"wpcf7-form-control wpcf7-text\" aria-invalid=\"false\" value=\"\" type=\"text\" name=\"your-subject\" \/><\/span> <\/label>\n<\/p>\n<p><label> Ihre Nachricht<br \/>\n<span class=\"wpcf7-form-control-wrap\" data-name=\"your-message\"><textarea cols=\"40\" rows=\"10\" maxlength=\"2000\" class=\"wpcf7-form-control wpcf7-textarea\" aria-invalid=\"false\" name=\"your-message\"><\/textarea><\/span> <\/label>\n<\/p>\n<p><input class=\"wpcf7-form-control wpcf7-submit has-spinner\" type=\"submit\" value=\"Senden\" \/>\n<\/p><div class=\"wpcf7-response-output\" aria-hidden=\"true\"><\/div>\n<\/form>\n<\/div>\n\n","protected":false},"excerpt":{"rendered":"<p>Kontakt zu Trauerreden-RenateWrasse.de Sie erreichen mich telefonisch unter 05191-931501 oder \u00fcber dieses Kontaktformular. Ich freue mich \u00fcber Ihre Nachricht. (gem\u00e4\u00df DSGVO ist die mail-Adresse ein Pflichtfeld)<\/p>\n","protected":false},"author":1,"featured_media":0,"parent":0,"menu_order":0,"comment_status":"closed","ping_status":"closed","template":"page-full-width.php","meta":{"footnotes":""},"class_list":["entry","page","publish","author-trsoltau","post-26"],"_links":{"self":[{"href":"https:\/\/trauerreden-renatewrasse.de\/index.php?rest_route=\/wp\/v2\/pages\/26"}],"collection":[{"href":"https:\/\/trauerreden-renatewrasse.de\/index.php?rest_route=\/wp\/v2\/pages"}],"about":[{"href":"https:\/\/trauerreden-renatewrasse.de\/index.php?rest_route=\/wp\/v2\/types\/page"}],"author":[{"embeddable":true,"href":"https:\/\/trauerreden-renatewrasse.de\/index.php?rest_route=\/wp\/v2\/users\/1"}],"replies":[{"embeddable":true,"href":"https:\/\/trauerreden-renatewrasse.de\/index.php?rest_route=%2Fwp%2Fv2%2Fcomments&post=26"}],"version-history":[{"count":5,"href":"https:\/\/trauerreden-renatewrasse.de\/index.php?rest_route=\/wp\/v2\/pages\/26\/revisions"}],"predecessor-version":[{"id":71,"href":"https:\/\/trauerreden-renatewrasse.de\/index.php?rest_route=\/wp\/v2\/pages\/26\/revisions\/71"}],"wp:attachment":[{"href":"https:\/\/trauerreden-renatewrasse.de\/index.php?rest_route=%2Fwp%2Fv2%2Fmedia&parent=26"}],"curies":[{"name":"wp","href":"https:\/\/api.w.org\/{rel}","templated":true}]}}