{"id":17,"date":"2020-04-21T19:03:40","date_gmt":"2020-04-21T19:03:40","guid":{"rendered":"http:\/\/trauerreden-renatewrasse.de\/?page_id=17"},"modified":"2024-08-09T19:03:58","modified_gmt":"2024-08-09T18:03:58","slug":"abschiedsrede","status":"publish","type":"page","link":"https:\/\/trauerreden-renatewrasse.de\/?page_id=17","title":{"rendered":"Abschiedsrede"},"content":{"rendered":"\n<figure class=\"wp-block-image size-large\"><img loading=\"lazy\" decoding=\"async\" width=\"380\" height=\"429\" src=\"https:\/\/trauerreden-renatewrasse.de\/wp-content\/uploads\/2020\/07\/Renate_Wrasse-C-O_Carstensen_Bestattungen_Brammer-Bergen_3.png\" alt=\"\" class=\"wp-image-88\" srcset=\"https:\/\/trauerreden-renatewrasse.de\/wp-content\/uploads\/2020\/07\/Renate_Wrasse-C-O_Carstensen_Bestattungen_Brammer-Bergen_3.png 380w, https:\/\/trauerreden-renatewrasse.de\/wp-content\/uploads\/2020\/07\/Renate_Wrasse-C-O_Carstensen_Bestattungen_Brammer-Bergen_3-266x300.png 266w\" sizes=\"(max-width: 380px) 100vw, 380px\" \/><figcaption class=\"wp-element-caption\">(C) O.Carstensen, Bestattungen Brammer, Bergen<\/figcaption><\/figure>\n\n\n\n<p class=\"has-text-align-right has-cyan-bluish-gray-color has-text-color\"><span style=\"color:#004167\" class=\"has-inline-color\">Der Tod ist die Geburt der Erinnerung<br>Leonardo da Vinci<\/span><\/p>\n\n\n\n<p class=\"has-medium-font-size\"><strong>Im Abschiednehmen und in der Feier dazu, erinnern wir uns an den Verstorbenen.<\/strong><\/p>\n\n\n\n<p class=\"has-medium-font-size\"><strong>Wir h\u00f6ren, welchen Menschen wir jetzt gehen lassen m\u00fcssen, welche Stationen es in seinem Leben gab, was ihn begeistert hat oder wof\u00fcr er seine Kraft besonders einsetzte. Wir h\u00f6ren, welche Orte er gerne besuchte, welche Musik seinem Temperament entsprach und \u00fcber was er herzlich lachen konnte.<\/strong><\/p>\n\n\n\n<p class=\"has-medium-font-size\"><strong>Um all diese Themen darf es in einer Abschiedsrede gehen.<br>In einem vertraulichen Gespr\u00e4ch, bekomme ich von Ihnen, der Trauerfamilie, die Informationen, die die Erinnerungen an den Verstorbenen lebendig werden lassen.<br>Dieses Gespr\u00e4ch findet bei Ihnen zu Hause oder einem Ort Ihrer Wahl statt.<\/strong><\/p>\n","protected":false},"excerpt":{"rendered":"<p>Der Tod ist die Geburt der ErinnerungLeonardo da Vinci Im Abschiednehmen und in der Feier dazu, erinnern wir uns an den Verstorbenen. Wir h\u00f6ren, welchen Menschen wir jetzt gehen lassen m\u00fcssen, welche Stationen es in seinem Leben gab, was ihn begeistert hat oder wof\u00fcr er seine Kraft besonders einsetzte. Wir h\u00f6ren, welche Orte er gerne &#8230; <span class=\"more\"><a class=\"more-link\" href=\"https:\/\/trauerreden-renatewrasse.de\/?page_id=17\">[Read more&#8230;]<\/a><\/span><\/p>\n","protected":false},"author":1,"featured_media":0,"parent":0,"menu_order":0,"comment_status":"closed","ping_status":"closed","template":"page-full-width.php","meta":{"footnotes":""},"class_list":["entry","page","publish","author-trsoltau","post-17"],"_links":{"self":[{"href":"https:\/\/trauerreden-renatewrasse.de\/index.php?rest_route=\/wp\/v2\/pages\/17"}],"collection":[{"href":"https:\/\/trauerreden-renatewrasse.de\/index.php?rest_route=\/wp\/v2\/pages"}],"about":[{"href":"https:\/\/trauerreden-renatewrasse.de\/index.php?rest_route=\/wp\/v2\/types\/page"}],"author":[{"embeddable":true,"href":"https:\/\/trauerreden-renatewrasse.de\/index.php?rest_route=\/wp\/v2\/users\/1"}],"replies":[{"embeddable":true,"href":"https:\/\/trauerreden-renatewrasse.de\/index.php?rest_route=%2Fwp%2Fv2%2Fcomments&post=17"}],"version-history":[{"count":5,"href":"https:\/\/trauerreden-renatewrasse.de\/index.php?rest_route=\/wp\/v2\/pages\/17\/revisions"}],"predecessor-version":[{"id":205,"href":"https:\/\/trauerreden-renatewrasse.de\/index.php?rest_route=\/wp\/v2\/pages\/17\/revisions\/205"}],"wp:attachment":[{"href":"https:\/\/trauerreden-renatewrasse.de\/index.php?rest_route=%2Fwp%2Fv2%2Fmedia&parent=17"}],"curies":[{"name":"wp","href":"https:\/\/api.w.org\/{rel}","templated":true}]}}