{"id":104,"date":"2021-03-01T10:27:53","date_gmt":"2021-03-01T09:27:53","guid":{"rendered":"https:\/\/trauerreden-renatewrasse.de\/?page_id=104"},"modified":"2024-08-09T19:14:57","modified_gmt":"2024-08-09T18:14:57","slug":"zu-lebzeiten","status":"publish","type":"page","link":"https:\/\/trauerreden-renatewrasse.de\/?page_id=104","title":{"rendered":"Zu Lebzeiten"},"content":{"rendered":"\n<figure class=\"wp-block-image size-large\"><img loading=\"lazy\" decoding=\"async\" width=\"1024\" height=\"865\" src=\"https:\/\/trauerreden-renatewrasse.de\/wp-content\/uploads\/2021\/04\/20210411_110437b-1024x865.jpg\" alt=\"\" class=\"wp-image-118\" srcset=\"https:\/\/trauerreden-renatewrasse.de\/wp-content\/uploads\/2021\/04\/20210411_110437b-1024x865.jpg 1024w, https:\/\/trauerreden-renatewrasse.de\/wp-content\/uploads\/2021\/04\/20210411_110437b-300x254.jpg 300w, https:\/\/trauerreden-renatewrasse.de\/wp-content\/uploads\/2021\/04\/20210411_110437b-768x649.jpg 768w, https:\/\/trauerreden-renatewrasse.de\/wp-content\/uploads\/2021\/04\/20210411_110437b-1536x1298.jpg 1536w, https:\/\/trauerreden-renatewrasse.de\/wp-content\/uploads\/2021\/04\/20210411_110437b-2048x1731.jpg 2048w\" sizes=\"(max-width: 1024px) 100vw, 1024px\" \/><\/figure>\n\n\n\n<p class=\"has-medium-font-size\"><strong>&#8222;F\u00fcr Euch zur Erinnerung&#8220;<\/strong><\/p>\n\n\n\n<p class=\"has-medium-font-size\"><strong>Wie w\u00e4re es, wenn Sie mir und Ihren Angeh\u00f6rigen zu Lebzeiten aus Ihrem Leben berichten?<\/strong><\/p>\n\n\n\n<p class=\"has-medium-font-size\"><strong>Wie w\u00e4re es, wenn Sie heute schon wissen, welche Worte und Geschichten Sie auf Ihrem letzten Weg begleiten?<\/strong><\/p>\n\n\n\n<p class=\"has-medium-font-size\"><strong>Zusammen mit Ihnen alleine oder mit nahestehenden Menschen, besprechen wir gemeinsam, was die Trauerg\u00e4ste von Ihnen erfahren sollen. Denn Sie sind die Person, um die es geht.<\/strong><\/p>\n\n\n\n<p class=\"has-medium-font-size\"><strong>Ich verfasse die Abschiedsrede nicht aus der Erinnerung Ihrer Angeh\u00f6rigen, sondern mit Lebensstationen, von Ihnen selber erz\u00e4hlt.<\/strong><\/p>\n\n\n\n<p class=\"has-medium-font-size\"><strong>Die Rede ist f\u00fcr Sie bestimmt und Sie verwahren sie, bis sie gebraucht wird<\/strong>.<\/p>\n\n\n\n<p class=\"has-medium-font-size\"><strong>Wenn der Bestatter oder Ihre Hinterbliebenen mich beauftragen, bei Ihrer Beisetzung zu sprechen, halte ich die Ansprache. Die kann aber auch von jeder anderen Person vorgetragen werden.<\/strong><\/p>\n\n\n\n<p class=\"has-medium-font-size\"><strong>Auch eine vertonte Fassung ist m\u00f6glich.<\/strong><\/p>\n\n\n\n<p class=\"has-medium-font-size\"><strong>Zus\u00e4tzlich zu aller Vorsorge bei Ihrem Bestatter, ist dies eine ganz pers\u00f6nliche Vorsorge f\u00fcr Sie und eine Entlastung f\u00fcr Ihre Angeh\u00f6rigen<\/strong>.<\/p>\n\n\n\n<p class=\"has-medium-font-size\"><strong>Ich freue mich auf ein Gespr\u00e4ch mit Ihnen.<\/strong><\/p>\n\n\n\n<p><\/p>\n","protected":false},"excerpt":{"rendered":"<p>&#8222;F\u00fcr Euch zur Erinnerung&#8220; Wie w\u00e4re es, wenn Sie mir und Ihren Angeh\u00f6rigen zu Lebzeiten aus Ihrem Leben berichten? Wie w\u00e4re es, wenn Sie heute schon wissen, welche Worte und Geschichten Sie auf Ihrem letzten Weg begleiten? Zusammen mit Ihnen alleine oder mit nahestehenden Menschen, besprechen wir gemeinsam, was die Trauerg\u00e4ste von Ihnen erfahren sollen. &#8230; <span class=\"more\"><a class=\"more-link\" href=\"https:\/\/trauerreden-renatewrasse.de\/?page_id=104\">[Read more&#8230;]<\/a><\/span><\/p>\n","protected":false},"author":1,"featured_media":0,"parent":0,"menu_order":0,"comment_status":"closed","ping_status":"closed","template":"page-full-width.php","meta":{"footnotes":""},"class_list":["entry","page","publish","author-trsoltau","post-104"],"_links":{"self":[{"href":"https:\/\/trauerreden-renatewrasse.de\/index.php?rest_route=\/wp\/v2\/pages\/104"}],"collection":[{"href":"https:\/\/trauerreden-renatewrasse.de\/index.php?rest_route=\/wp\/v2\/pages"}],"about":[{"href":"https:\/\/trauerreden-renatewrasse.de\/index.php?rest_route=\/wp\/v2\/types\/page"}],"author":[{"embeddable":true,"href":"https:\/\/trauerreden-renatewrasse.de\/index.php?rest_route=\/wp\/v2\/users\/1"}],"replies":[{"embeddable":true,"href":"https:\/\/trauerreden-renatewrasse.de\/index.php?rest_route=%2Fwp%2Fv2%2Fcomments&post=104"}],"version-history":[{"count":7,"href":"https:\/\/trauerreden-renatewrasse.de\/index.php?rest_route=\/wp\/v2\/pages\/104\/revisions"}],"predecessor-version":[{"id":206,"href":"https:\/\/trauerreden-renatewrasse.de\/index.php?rest_route=\/wp\/v2\/pages\/104\/revisions\/206"}],"wp:attachment":[{"href":"https:\/\/trauerreden-renatewrasse.de\/index.php?rest_route=%2Fwp%2Fv2%2Fmedia&parent=104"}],"curies":[{"name":"wp","href":"https:\/\/api.w.org\/{rel}","templated":true}]}}